{"id":224,"date":"2025-04-04T22:17:13","date_gmt":"2025-04-04T20:17:13","guid":{"rendered":"https:\/\/tanyaiszczuk.com\/?post_type=product&#038;p=224"},"modified":"2025-12-01T19:36:19","modified_gmt":"2025-12-01T18:36:19","slug":"je-ivy","status":"publish","type":"product","link":"https:\/\/tanya.managio.com.ar\/en\/product\/je-ivy\/","title":{"rendered":"IVY JE"},"content":{"rendered":"\r\n<p>&nbsp;<\/p>\r\n<ul>\r\n<li>Maxi Palazzo, pierna s\u00faper ancha\u00a0<\/li>\r\n<li>Tiro alto<\/li>\r\n<li>Hilo color azul marino<\/li>\r\n<li>Cierre con botones de asta de ciervo y coco<\/li>\r\n<li>4 bolsillos<\/li>\r\n<li>Hecho 100% en Argentina<br \/><br \/><br \/><\/li>\r\n<\/ul>\r\n<p>Denim: 100% algod\u00f3n<br \/>Forrer\u00eda: 100% algod\u00f3n<br \/><br \/><br \/><strong>Las im\u00e1genes pertenecen al prototipo inicial. El jean IVY viene en azul est\u00e1tico, con superficie pura y sin grabado l\u00e1ser.<br \/><br \/><\/strong><\/p>\r\n<p><strong>CURVA DE TALLES:\u00a0<\/strong><strong><br \/><br \/><\/strong>[T.26] Cintura: 70 cm. \u00a0 \u00a0 \u00a0Cadera: 100 cm. \u00a0 \u00a0 \u00a0Largo de piernas: 112 cm.<br \/>[T.28] Cintura: 72 cm. \u00a0 \u00a0 \u00a0Cadera: 104 cm. \u00a0 \u00a0 \u00a0Largo de piernas: 112 cm.<br \/>[T.30] Cintura: 76 cm. \u00a0 \u00a0 \u00a0Cadera: 108 cm. \u00a0 \u00a0 \u00a0Largo de piernas: 113 cm.<br \/>[T.32] Cintura: 80 cm. \u00a0 \u00a0 \u00a0Cadera: 112 cm. \u00a0 \u00a0 \u00a0Largo de piernas: 113 cm.<strong><br \/><\/strong><\/p>\r\n<p><strong>**<\/strong>Todas las medidas est\u00e1n expresadas en contorno total.<\/p>\r\n","protected":false},"excerpt":{"rendered":"<p>DENIM<\/p>","protected":false},"featured_media":229,"template":"","meta":{"_acf_changed":false},"product_brand":[],"product_cat":[19],"product_tag":[],"class_list":{"0":"post-224","1":"product","2":"type-product","3":"status-publish","4":"has-post-thumbnail","6":"product_cat-jeans","8":"first","9":"instock","10":"taxable","11":"shipping-taxable","12":"purchasable","13":"product-type-variable"},"acf":[],"yoast_head":"<!-- This site is optimized with the Yoast SEO plugin v27.3 - https:\/\/yoast.com\/product\/yoast-seo-wordpress\/ -->\n<title>JE IVY - TANYA ISZCZUK<\/title>\n<meta name=\"robots\" content=\"index, follow, max-snippet:-1, max-image-preview:large, max-video-preview:-1\" \/>\n<link rel=\"canonical\" href=\"https:\/\/tanya.managio.com.ar\/en\/product\/je-ivy\/\" \/>\n<meta property=\"og:locale\" content=\"en_US\" \/>\n<meta property=\"og:type\" content=\"article\" \/>\n<meta property=\"og:title\" content=\"JE IVY - TANYA ISZCZUK\" \/>\n<meta property=\"og:description\" content=\"DENIM\" \/>\n<meta property=\"og:url\" content=\"https:\/\/tanya.managio.com.ar\/en\/product\/je-ivy\/\" \/>\n<meta property=\"og:site_name\" content=\"TANYA ISZCZUK\" \/>\n<meta property=\"article:modified_time\" content=\"2025-12-01T18:36:19+00:00\" \/>\n<meta property=\"og:image\" content=\"https:\/\/tanya.managio.com.ar\/wp-content\/uploads\/2025\/04\/TANYA31058u-scaled.jpg\" \/>\n\t<meta property=\"og:image:width\" content=\"1707\" \/>\n\t<meta property=\"og:image:height\" content=\"2560\" \/>\n\t<meta property=\"og:image:type\" content=\"image\/jpeg\" \/>\n<meta name=\"twitter:card\" content=\"summary_large_image\" \/>\n<meta name=\"twitter:label1\" content=\"Est. reading time\" \/>\n\t<meta name=\"twitter:data1\" content=\"1 minute\" \/>\n<script type=\"application\/ld+json\" class=\"yoast-schema-graph\">{\"@context\":\"https:\\\/\\\/schema.org\",\"@graph\":[{\"@type\":\"WebPage\",\"@id\":\"https:\\\/\\\/tanya.managio.com.ar\\\/producto\\\/je-ivy\\\/\",\"url\":\"https:\\\/\\\/tanya.managio.com.ar\\\/producto\\\/je-ivy\\\/\",\"name\":\"JE IVY - TANYA ISZCZUK\",\"isPartOf\":{\"@id\":\"https:\\\/\\\/tanya.managio.com.ar\\\/#website\"},\"primaryImageOfPage\":{\"@id\":\"https:\\\/\\\/tanya.managio.com.ar\\\/producto\\\/je-ivy\\\/#primaryimage\"},\"image\":{\"@id\":\"https:\\\/\\\/tanya.managio.com.ar\\\/producto\\\/je-ivy\\\/#primaryimage\"},\"thumbnailUrl\":\"https:\\\/\\\/tanya.managio.com.ar\\\/wp-content\\\/uploads\\\/2025\\\/04\\\/TANYA31058u-scaled.jpg\",\"datePublished\":\"2025-04-04T20:17:13+00:00\",\"dateModified\":\"2025-12-01T18:36:19+00:00\",\"breadcrumb\":{\"@id\":\"https:\\\/\\\/tanya.managio.com.ar\\\/producto\\\/je-ivy\\\/#breadcrumb\"},\"inLanguage\":\"en-US\",\"potentialAction\":[{\"@type\":\"ReadAction\",\"target\":[\"https:\\\/\\\/tanya.managio.com.ar\\\/producto\\\/je-ivy\\\/\"]}]},{\"@type\":\"ImageObject\",\"inLanguage\":\"en-US\",\"@id\":\"https:\\\/\\\/tanya.managio.com.ar\\\/producto\\\/je-ivy\\\/#primaryimage\",\"url\":\"https:\\\/\\\/tanya.managio.com.ar\\\/wp-content\\\/uploads\\\/2025\\\/04\\\/TANYA31058u-scaled.jpg\",\"contentUrl\":\"https:\\\/\\\/tanya.managio.com.ar\\\/wp-content\\\/uploads\\\/2025\\\/04\\\/TANYA31058u-scaled.jpg\",\"width\":1707,\"height\":2560},{\"@type\":\"BreadcrumbList\",\"@id\":\"https:\\\/\\\/tanya.managio.com.ar\\\/producto\\\/je-ivy\\\/#breadcrumb\",\"itemListElement\":[{\"@type\":\"ListItem\",\"position\":1,\"name\":\"Portada\",\"item\":\"https:\\\/\\\/tanya.managio.com.ar\\\/\"},{\"@type\":\"ListItem\",\"position\":2,\"name\":\"Tienda\",\"item\":\"https:\\\/\\\/tanya.managio.com.ar\\\/tienda\\\/\"},{\"@type\":\"ListItem\",\"position\":3,\"name\":\"JE IVY\"}]},{\"@type\":\"WebSite\",\"@id\":\"https:\\\/\\\/tanya.managio.com.ar\\\/#website\",\"url\":\"https:\\\/\\\/tanya.managio.com.ar\\\/\",\"name\":\"TANYA ISZCZUK\",\"description\":\"\",\"potentialAction\":[{\"@type\":\"SearchAction\",\"target\":{\"@type\":\"EntryPoint\",\"urlTemplate\":\"https:\\\/\\\/tanya.managio.com.ar\\\/?s={search_term_string}\"},\"query-input\":{\"@type\":\"PropertyValueSpecification\",\"valueRequired\":true,\"valueName\":\"search_term_string\"}}],\"inLanguage\":\"en-US\"}]}<\/script>\n<!-- \/ Yoast SEO plugin. -->","yoast_head_json":{"title":"JE IVY - TANYA ISZCZUK","robots":{"index":"index","follow":"follow","max-snippet":"max-snippet:-1","max-image-preview":"max-image-preview:large","max-video-preview":"max-video-preview:-1"},"canonical":"https:\/\/tanya.managio.com.ar\/en\/product\/je-ivy\/","og_locale":"en_US","og_type":"article","og_title":"JE IVY - TANYA ISZCZUK","og_description":"DENIM","og_url":"https:\/\/tanya.managio.com.ar\/en\/product\/je-ivy\/","og_site_name":"TANYA ISZCZUK","article_modified_time":"2025-12-01T18:36:19+00:00","og_image":[{"width":1707,"height":2560,"url":"https:\/\/tanya.managio.com.ar\/wp-content\/uploads\/2025\/04\/TANYA31058u-scaled.jpg","type":"image\/jpeg"}],"twitter_card":"summary_large_image","twitter_misc":{"Est. reading time":"1 minute"},"schema":{"@context":"https:\/\/schema.org","@graph":[{"@type":"WebPage","@id":"https:\/\/tanya.managio.com.ar\/producto\/je-ivy\/","url":"https:\/\/tanya.managio.com.ar\/producto\/je-ivy\/","name":"JE IVY - TANYA ISZCZUK","isPartOf":{"@id":"https:\/\/tanya.managio.com.ar\/#website"},"primaryImageOfPage":{"@id":"https:\/\/tanya.managio.com.ar\/producto\/je-ivy\/#primaryimage"},"image":{"@id":"https:\/\/tanya.managio.com.ar\/producto\/je-ivy\/#primaryimage"},"thumbnailUrl":"https:\/\/tanya.managio.com.ar\/wp-content\/uploads\/2025\/04\/TANYA31058u-scaled.jpg","datePublished":"2025-04-04T20:17:13+00:00","dateModified":"2025-12-01T18:36:19+00:00","breadcrumb":{"@id":"https:\/\/tanya.managio.com.ar\/producto\/je-ivy\/#breadcrumb"},"inLanguage":"en-US","potentialAction":[{"@type":"ReadAction","target":["https:\/\/tanya.managio.com.ar\/producto\/je-ivy\/"]}]},{"@type":"ImageObject","inLanguage":"en-US","@id":"https:\/\/tanya.managio.com.ar\/producto\/je-ivy\/#primaryimage","url":"https:\/\/tanya.managio.com.ar\/wp-content\/uploads\/2025\/04\/TANYA31058u-scaled.jpg","contentUrl":"https:\/\/tanya.managio.com.ar\/wp-content\/uploads\/2025\/04\/TANYA31058u-scaled.jpg","width":1707,"height":2560},{"@type":"BreadcrumbList","@id":"https:\/\/tanya.managio.com.ar\/producto\/je-ivy\/#breadcrumb","itemListElement":[{"@type":"ListItem","position":1,"name":"Portada","item":"https:\/\/tanya.managio.com.ar\/"},{"@type":"ListItem","position":2,"name":"Tienda","item":"https:\/\/tanya.managio.com.ar\/tienda\/"},{"@type":"ListItem","position":3,"name":"JE IVY"}]},{"@type":"WebSite","@id":"https:\/\/tanya.managio.com.ar\/#website","url":"https:\/\/tanya.managio.com.ar\/","name":"TANYA ISZCZUK","description":"","potentialAction":[{"@type":"SearchAction","target":{"@type":"EntryPoint","urlTemplate":"https:\/\/tanya.managio.com.ar\/?s={search_term_string}"},"query-input":{"@type":"PropertyValueSpecification","valueRequired":true,"valueName":"search_term_string"}}],"inLanguage":"en-US"}]}},"_links":{"self":[{"href":"https:\/\/tanya.managio.com.ar\/en\/wp-json\/wp\/v2\/product\/224","targetHints":{"allow":["GET"]}}],"collection":[{"href":"https:\/\/tanya.managio.com.ar\/en\/wp-json\/wp\/v2\/product"}],"about":[{"href":"https:\/\/tanya.managio.com.ar\/en\/wp-json\/wp\/v2\/types\/product"}],"wp:featuredmedia":[{"embeddable":true,"href":"https:\/\/tanya.managio.com.ar\/en\/wp-json\/wp\/v2\/media\/229"}],"wp:attachment":[{"href":"https:\/\/tanya.managio.com.ar\/en\/wp-json\/wp\/v2\/media?parent=224"}],"wp:term":[{"taxonomy":"product_brand","embeddable":true,"href":"https:\/\/tanya.managio.com.ar\/en\/wp-json\/wp\/v2\/product_brand?post=224"},{"taxonomy":"product_cat","embeddable":true,"href":"https:\/\/tanya.managio.com.ar\/en\/wp-json\/wp\/v2\/product_cat?post=224"},{"taxonomy":"product_tag","embeddable":true,"href":"https:\/\/tanya.managio.com.ar\/en\/wp-json\/wp\/v2\/product_tag?post=224"}],"curies":[{"name":"wp","href":"https:\/\/api.w.org\/{rel}","templated":true}]}}