{"id":142,"date":"2025-03-27T21:57:08","date_gmt":"2025-03-27T20:57:08","guid":{"rendered":"https:\/\/tanyaiszczuk.com\/?page_id=142"},"modified":"2025-04-23T19:50:23","modified_gmt":"2025-04-23T17:50:23","slug":"politicas-de-cookies","status":"publish","type":"page","link":"https:\/\/tanya.managio.com.ar\/en\/politicas-de-cookies\/","title":{"rendered":"Cookie Policy"},"content":{"rendered":"<p>En <b>TANYA ISZCZUK,<\/b> utilizamos cookies con el objetivo de brindarte una mejor experiencia de navegaci\u00f3n, personalizar el contenido y entender c\u00f3mo interact\u00faas con nuestro sitio. A continuaci\u00f3n, te explicamos de forma simple qu\u00e9 son, para qu\u00e9 sirven y c\u00f3mo pod\u00e9s gestionarlas.<\/p>\n<p>&nbsp;<\/p>\n<p><b>\u00bfQU\u00c9 SON LAS COOKIES?<\/b><\/p>\n<p>Cookies are small text files stored in your browser when you visit a website. They allow us to remember you when you return, save your preferences, and enhance the performance of our platform.<\/p>\n<p>&nbsp;<\/p>\n<p><b>\u00bfQU\u00c9 TIPOS DE COOKIES USAMOS?<\/b><\/p>\n<p>\u2022 COOKIES ESENCIALES<br \/>\nThese are necessary for the website to function properly. They enable basic features such as account access or the operation of your shopping cart.<\/p>\n<p>\u2022 COOKIES DE AN\u00c1LISIS O RENDIMIENTO<br \/>\nThese help us understand how the site is navigated, which sections perform best, and how we can improve your experience.<\/p>\n<p>\u2022 COOKIES DE FUNCIONALIDAD<br \/>\nThese allow us to remember your choices (language, location, etc.) to personalise content based on your preferences.<\/p>\n<p>\u2022 COOKIES DE MARKETING O PUBLICIDAD<br \/>\nUsed to show you content or ads that align with your interests. These may be set by third parties.<\/p>\n<p>&nbsp;<\/p>\n<p><b><br \/>\n\u00bfCOOKIES DE TERCEROS?<\/b><\/p>\n<p>We collaborate with external platforms like Google Analytics and Meta to better understand how visitors interact with our site. These tools may also place their own cookies in your browser.<\/p>\n<p>&nbsp;<\/p>\n<p><b>\u00bfC\u00d3MO POD\u00c9S CONTROLAR O ELIMINAR COOKIES?<\/b><\/p>\n<p>You can configure your browser to block or delete cookies at any time. However, disabling certain cookies may impact the proper functioning of the site.<\/p>\n<p>&nbsp;<\/p>\n<p><b>CAMBIOS EN ESTA POL\u00cdTICA<\/b><b><\/b><\/p>\n<p>We may update this Cookie Policy at any time. We recommend reviewing it periodically to stay informed of any changes.<\/p>\n<p>&nbsp;<\/p>\n<p><b>CONTACTO<\/b><\/p>\n<p>Si ten\u00e9s preguntas sobre esta pol\u00edtica o c\u00f3mo usamos tus datos, escribinos a tienda@tanyaiszczuk.com.<\/p>\n<p>&nbsp;<\/p>","protected":false},"excerpt":{"rendered":"<p>En TANYA ISZCZUK, utilizamos cookies con el objetivo de brindarte una mejor experiencia de navegaci\u00f3n, personalizar el contenido y entender c\u00f3mo interact\u00faas con nuestro sitio. A continuaci\u00f3n, te explicamos de forma simple qu\u00e9 son, para qu\u00e9 sirven y c\u00f3mo pod\u00e9s gestionarlas. &nbsp; \u00bfQU\u00c9 SON LAS COOKIES? Las cookies son peque\u00f1os archivos de texto que se [&hellip;]<\/p>\n","protected":false},"author":2,"featured_media":0,"parent":0,"menu_order":0,"comment_status":"closed","ping_status":"closed","template":"templates\/politica.php","meta":{"_acf_changed":false,"footnotes":""},"class_list":["post-142","page","type-page","status-publish","hentry"],"acf":[],"yoast_head":"<!-- This site is optimized with the Yoast SEO plugin v27.3 - https:\/\/yoast.com\/product\/yoast-seo-wordpress\/ -->\n<title>Pol\u00edticas de Cookies - TANYA ISZCZUK<\/title>\n<meta name=\"robots\" content=\"index, follow, max-snippet:-1, max-image-preview:large, max-video-preview:-1\" \/>\n<link rel=\"canonical\" href=\"https:\/\/tanya.managio.com.ar\/en\/politicas-de-cookies\/\" \/>\n<meta property=\"og:locale\" content=\"en_US\" \/>\n<meta property=\"og:type\" content=\"article\" \/>\n<meta property=\"og:title\" content=\"Pol\u00edticas de Cookies - TANYA ISZCZUK\" \/>\n<meta property=\"og:description\" content=\"En TANYA ISZCZUK, utilizamos cookies con el objetivo de brindarte una mejor experiencia de navegaci\u00f3n, personalizar el contenido y entender c\u00f3mo interact\u00faas con nuestro sitio. A continuaci\u00f3n, te explicamos de forma simple qu\u00e9 son, para qu\u00e9 sirven y c\u00f3mo pod\u00e9s gestionarlas. &nbsp; \u00bfQU\u00c9 SON LAS COOKIES? Las cookies son peque\u00f1os archivos de texto que se [&hellip;]\" \/>\n<meta property=\"og:url\" content=\"https:\/\/tanya.managio.com.ar\/en\/politicas-de-cookies\/\" \/>\n<meta property=\"og:site_name\" content=\"TANYA ISZCZUK\" \/>\n<meta property=\"article:modified_time\" content=\"2025-04-23T17:50:23+00:00\" \/>\n<meta name=\"twitter:card\" content=\"summary_large_image\" \/>\n<meta name=\"twitter:label1\" content=\"Est. reading time\" \/>\n\t<meta name=\"twitter:data1\" content=\"2 minutes\" \/>\n<script type=\"application\/ld+json\" class=\"yoast-schema-graph\">{\"@context\":\"https:\\\/\\\/schema.org\",\"@graph\":[{\"@type\":\"WebPage\",\"@id\":\"https:\\\/\\\/tanya.managio.com.ar\\\/politicas-de-cookies\\\/\",\"url\":\"https:\\\/\\\/tanya.managio.com.ar\\\/politicas-de-cookies\\\/\",\"name\":\"Pol\u00edticas de Cookies - TANYA ISZCZUK\",\"isPartOf\":{\"@id\":\"https:\\\/\\\/tanya.managio.com.ar\\\/#website\"},\"datePublished\":\"2025-03-27T20:57:08+00:00\",\"dateModified\":\"2025-04-23T17:50:23+00:00\",\"breadcrumb\":{\"@id\":\"https:\\\/\\\/tanya.managio.com.ar\\\/politicas-de-cookies\\\/#breadcrumb\"},\"inLanguage\":\"en-US\",\"potentialAction\":[{\"@type\":\"ReadAction\",\"target\":[\"https:\\\/\\\/tanya.managio.com.ar\\\/politicas-de-cookies\\\/\"]}]},{\"@type\":\"BreadcrumbList\",\"@id\":\"https:\\\/\\\/tanya.managio.com.ar\\\/politicas-de-cookies\\\/#breadcrumb\",\"itemListElement\":[{\"@type\":\"ListItem\",\"position\":1,\"name\":\"Portada\",\"item\":\"https:\\\/\\\/tanya.managio.com.ar\\\/\"},{\"@type\":\"ListItem\",\"position\":2,\"name\":\"Pol\u00edticas de Cookies\"}]},{\"@type\":\"WebSite\",\"@id\":\"https:\\\/\\\/tanya.managio.com.ar\\\/#website\",\"url\":\"https:\\\/\\\/tanya.managio.com.ar\\\/\",\"name\":\"TANYA ISZCZUK\",\"description\":\"\",\"potentialAction\":[{\"@type\":\"SearchAction\",\"target\":{\"@type\":\"EntryPoint\",\"urlTemplate\":\"https:\\\/\\\/tanya.managio.com.ar\\\/?s={search_term_string}\"},\"query-input\":{\"@type\":\"PropertyValueSpecification\",\"valueRequired\":true,\"valueName\":\"search_term_string\"}}],\"inLanguage\":\"en-US\"}]}<\/script>\n<!-- \/ Yoast SEO plugin. -->","yoast_head_json":{"title":"Pol\u00edticas de Cookies - TANYA ISZCZUK","robots":{"index":"index","follow":"follow","max-snippet":"max-snippet:-1","max-image-preview":"max-image-preview:large","max-video-preview":"max-video-preview:-1"},"canonical":"https:\/\/tanya.managio.com.ar\/en\/politicas-de-cookies\/","og_locale":"en_US","og_type":"article","og_title":"Pol\u00edticas de Cookies - TANYA ISZCZUK","og_description":"En TANYA ISZCZUK, utilizamos cookies con el objetivo de brindarte una mejor experiencia de navegaci\u00f3n, personalizar el contenido y entender c\u00f3mo interact\u00faas con nuestro sitio. A continuaci\u00f3n, te explicamos de forma simple qu\u00e9 son, para qu\u00e9 sirven y c\u00f3mo pod\u00e9s gestionarlas. &nbsp; \u00bfQU\u00c9 SON LAS COOKIES? Las cookies son peque\u00f1os archivos de texto que se [&hellip;]","og_url":"https:\/\/tanya.managio.com.ar\/en\/politicas-de-cookies\/","og_site_name":"TANYA ISZCZUK","article_modified_time":"2025-04-23T17:50:23+00:00","twitter_card":"summary_large_image","twitter_misc":{"Est. reading time":"2 minutes"},"schema":{"@context":"https:\/\/schema.org","@graph":[{"@type":"WebPage","@id":"https:\/\/tanya.managio.com.ar\/politicas-de-cookies\/","url":"https:\/\/tanya.managio.com.ar\/politicas-de-cookies\/","name":"Pol\u00edticas de Cookies - TANYA ISZCZUK","isPartOf":{"@id":"https:\/\/tanya.managio.com.ar\/#website"},"datePublished":"2025-03-27T20:57:08+00:00","dateModified":"2025-04-23T17:50:23+00:00","breadcrumb":{"@id":"https:\/\/tanya.managio.com.ar\/politicas-de-cookies\/#breadcrumb"},"inLanguage":"en-US","potentialAction":[{"@type":"ReadAction","target":["https:\/\/tanya.managio.com.ar\/politicas-de-cookies\/"]}]},{"@type":"BreadcrumbList","@id":"https:\/\/tanya.managio.com.ar\/politicas-de-cookies\/#breadcrumb","itemListElement":[{"@type":"ListItem","position":1,"name":"Portada","item":"https:\/\/tanya.managio.com.ar\/"},{"@type":"ListItem","position":2,"name":"Pol\u00edticas de Cookies"}]},{"@type":"WebSite","@id":"https:\/\/tanya.managio.com.ar\/#website","url":"https:\/\/tanya.managio.com.ar\/","name":"TANYA ISZCZUK","description":"","potentialAction":[{"@type":"SearchAction","target":{"@type":"EntryPoint","urlTemplate":"https:\/\/tanya.managio.com.ar\/?s={search_term_string}"},"query-input":{"@type":"PropertyValueSpecification","valueRequired":true,"valueName":"search_term_string"}}],"inLanguage":"en-US"}]}},"_links":{"self":[{"href":"https:\/\/tanya.managio.com.ar\/en\/wp-json\/wp\/v2\/pages\/142","targetHints":{"allow":["GET"]}}],"collection":[{"href":"https:\/\/tanya.managio.com.ar\/en\/wp-json\/wp\/v2\/pages"}],"about":[{"href":"https:\/\/tanya.managio.com.ar\/en\/wp-json\/wp\/v2\/types\/page"}],"author":[{"embeddable":true,"href":"https:\/\/tanya.managio.com.ar\/en\/wp-json\/wp\/v2\/users\/2"}],"replies":[{"embeddable":true,"href":"https:\/\/tanya.managio.com.ar\/en\/wp-json\/wp\/v2\/comments?post=142"}],"version-history":[{"count":13,"href":"https:\/\/tanya.managio.com.ar\/en\/wp-json\/wp\/v2\/pages\/142\/revisions"}],"predecessor-version":[{"id":735,"href":"https:\/\/tanya.managio.com.ar\/en\/wp-json\/wp\/v2\/pages\/142\/revisions\/735"}],"wp:attachment":[{"href":"https:\/\/tanya.managio.com.ar\/en\/wp-json\/wp\/v2\/media?parent=142"}],"curies":[{"name":"wp","href":"https:\/\/api.w.org\/{rel}","templated":true}]}}